{"id":15,"date":"2023-03-22T17:06:15","date_gmt":"2023-03-22T16:06:15","guid":{"rendered":"https:\/\/www.poggi-avocats.com\/?page_id=15"},"modified":"2026-04-07T04:41:08","modified_gmt":"2026-04-07T02:41:08","slug":"client-cases","status":"publish","type":"page","link":"https:\/\/www.poggi-avocats.com\/en\/cas-clients","title":{"rendered":"Case studies"},"content":{"rendered":"<div class=\"brz-root__container brz-reset-all\">\n<section id=\"ifzkezwujoyhvcttdmrlnjrwqztgjfwcfonu\" class=\"brz-section brz-css-oxjgo brz-css-bBsoS\">\n<div class=\"brz-section__content brz-section--boxed brz-css-gItOe brz-css-ez19O\" data-brz-custom-id=\"zfumqmvvhxfxvwwzyuengmanthhuqstosxqc\">\n<div class=\"brz-bg\">\n<div class=\"brz-bg-image\"><\/div>\n<div class=\"brz-bg-color\"><\/div>\n<\/div>\n<div class=\"brz-container brz-css-aB0HU\">\n<div id class=\"brz-css-t9Cr3 brz-wrapper\">\n<div class=\"brz-rich-text brz-rich-text__custom brz-css-wiWTW\" data-brz-custom-id=\"umhyxiewweuskatdvvfvlhokchglsgqedblk\">\n<div data-brz-translate-text=\"1\">\n<h1 class=\"brz-lh-lg-1_7 brz-ls-lg-0 brz-fw-lg-400 brz-fss-lg-px brz-fs-lg-60 brz-ft-google brz-ff-red_hat_display brz-tp-lg-empty brz-text-lg-center brz-text-xs-center brz-tp-xs-empty brz-fs-xs-37 brz-fss-xs-px brz-fw-xs-400 brz-ls-xs-0 brz-lh-xs-1_6 brz-css-a7dcr\" data-generated-css=\"brz-css-gkwfi\" data-uniq-id=\"tafdv\"><span class=\"brz-cp-color8\" style=\"opacity: 1\">CUSTOMER CASES<\/span><\/h1>\n<\/div>\n<\/div>\n<\/div>\n<\/div>\n<\/div>\n<\/section>\n<section id=\"pqysevdyhdgazagjkftfluzuiubplxswxqcj\" class=\"brz-section brz-css-oxjgo\">\n<div class=\"brz-section__content brz-section--fullWidth brz-css-gItOe brz-css-oLAbc\" data-brz-custom-id=\"quinimttfixphrezvknrspdkzchkqvwwseoq\">\n<div class=\"brz-bg\">\n<div class=\"brz-bg-color\"><\/div>\n<\/div>\n<div class=\"brz-container brz-css-aB0HU brz-css-j1B0m\">\n<div id class=\"brz-css-t9Cr3 brz-css-efuIr brz-wrapper\">\n<div class=\"brz-wp__breadcrumbs brz-css-k_qLP brz-css-cESJm\" data-brz-custom-id=\"obvfssophmzafcgquynnjlzleciswkrswzyo\">\n<div style=\"min-height:20px\"><\/div>\n<\/div>\n<\/div>\n<div id class=\"brz-css-t9Cr3 brz-css-a1XQl brz-wrapper\">\n<div class=\"brz-spacer brz-css-yKRvv brz-css-j5lFg\"><\/div>\n<\/div>\n<div id class=\"brz-css-t9Cr3 brz-css-cAYc6 brz-wrapper\">\n<div class=\"brz-posts brz-css-njIOk brz-css-d0eau\" data-brz-custom-id=\"zqcgfuivhlpvnfwmiefazdemdkyykvrbbdva\">\n<div class=\"brz-posts__wrapper\">\n<div class=\"brz-posts__item\" data-brz-filter=\"\">\n<div class=\"brz-columns brz-css-cCer3 brz-css-lK8Go brz-css-a4FQs\" data-brz-custom-id=\"exbvdesahivyfmyrbpjjhdsyajcwqhpnxahj\">\n<div class=\"brz-bg\">\n<div class=\"brz-bg-color\"><\/div>\n<\/div>\n<div class=\"brz-column__items brz-css-bQHOS brz-css-r_7uy\">\n<div id class=\"brz-css-t9Cr3 brz-css-a1XQl brz-wrapper\">\n<div class=\"brz-spacer brz-css-yKRvv brz-css-ordiS\"><\/div>\n<\/div>\n<div id class=\"brz-css-t9Cr3 brz-wrapper\">\n<div class=\"brz-wp-title brz-css-zBM_4 brz-css-w9he9 brz-css-vuvRm\" data-brz-custom-id=\"qvxrzzehrswwaclckdotkqsroicwdzqthdst\">\n<h2 class=\"brz-wp-title-content\" style=\"min-height:20px\"><\/h2>\n<\/div>\n<\/div>\n<div id class=\"brz-css-t9Cr3 brz-css-q9VLZ brz-wrapper\">\n<div class=\"brz-icon-text brz-css-zj9s8 brz-css-n0lZM\" data-brz-custom-id=\"qtmjglmaxfjklalxpjheeqoorilxvapfhxia\">\n<div class=\"brz-icon__container\" data-brz-custom-id=\"zzjgkzlxgtxoyfoctvrcngpgxvvoszgstmif\"><span class=\"brz-icon brz-span brz-css-lGJvU brz-css-tCbUx\"><\/span><\/div>\n<div class=\"brz-text-btn\">\n<div class=\"brz-rich-text brz-rich-text__custom brz-css-wiWTW\" data-brz-custom-id=\"juflfobgvdqhfbohgsmeisjybaljnnvulnul\">\n<div data-brz-translate-text=\"1\">\n<p class=\"brz-lh-lg-1_7 brz-ls-lg-0 brz-fw-lg-400 brz-fss-lg-px brz-tp-lg-empty brz-ff-red_hat_display brz-ft-google brz-fs-lg-14 brz-css-sqWXW\" data-generated-css=\"brz-css-vouhn\" data-uniq-id=\"afwym\"><span class=\"brz-cp-color7\">Read the use case<\/span><\/p>\n<\/div>\n<\/div>\n<\/div>\n<\/div>\n<\/div>\n<div id class=\"brz-css-t9Cr3 brz-css-a1XQl brz-wrapper\">\n<div class=\"brz-spacer brz-css-yKRvv brz-css-vGBbW\"><\/div>\n<\/div>\n<\/div>\n<p><a class=\"brz-a brz-container-link\" href=\"\/en\/%7B%7Bplaceholder%20content='e3ticml6eV9kY191cmxfcG9zdH19'%7D%7D\/\" target=\"_self\" rel=\"noopener\" data-brz-link-type=\"external\"><\/a><\/div>\n<\/div>\n<\/div>\n<\/div>\n<\/div>\n<\/div>\n<\/div>\n<\/section>\n<section id=\"vndaivczxpfwxflaydiwinuzmbyctnoykzmm\" class=\"brz-section brz-css-oxjgo\">\n<div class=\"brz-section__content brz-section--boxed brz-css-gItOe brz-css-yMeFg\" data-brz-custom-id=\"uqmcvvcwaildblxddnsijcpxfpoulduqcdhp\">\n<div class=\"brz-bg\">\n<div class=\"brz-bg-color\"><\/div>\n<\/div>\n<div class=\"brz-container brz-css-aB0HU\">\n<div id data-brz-iteration-count=\"1\" class=\"brz-css-t9Cr3 brz-wrapper brz-animated brz-css-wUvlY brz-css-i_GUJ\" data-animationid=\"uivuhiurybjfhouqebfuhjpaewldsljmlxfb\">\n<div class=\"brz-rich-text brz-rich-text__custom brz-css-wiWTW\" data-brz-custom-id=\"vzwebewbvxkzabqwfkqfdahctqsjdlghvyge\">\n<div data-brz-translate-text=\"1\">\n<h3 class=\"brz-lh-lg-1_7 brz-ls-lg-m_0_5 brz-fw-lg-400 brz-fss-lg-px brz-fs-lg-18 brz-ft-google brz-ff-red_hat_text brz-tp-lg-empty brz-text-lg-center brz-fss-xs-px brz-fw-xs-400 brz-ls-xs-m_0_5 brz-lh-xs-1_3 brz-tp-xs-empty brz-fs-xs-16 brz-css-psYsa\" data-generated-css=\"brz-css-jasta\" data-uniq-id=\"xxcgt\"><span class=\"brz-cp-color7\">Tailor-made website created with passion by<\/span><a class=\"link--external brz-cp-color2\" style=\"opacity: 1\" href=\"https:\/\/www.leweboskop.fr\/\" data-brz-link-type=\"external\" target=\"_blank\"> LeWeboskop<\/a><\/h3>\n<\/div>\n<\/div>\n<\/div>\n<\/div>\n<\/div>\n<\/section>\n<\/div>\n<p><!-- version:1745600074 --><\/p>","protected":false},"excerpt":{"rendered":"<p>CUSTOMER STUDIES Read the use case Website created with passion and customised by LeWeboskop<\/p>","protected":false},"author":1,"featured_media":10237,"parent":0,"menu_order":4,"comment_status":"closed","ping_status":"closed","template":"brizy-blank-template.php","meta":{"_seopress_robots_primary_cat":"","_seopress_titles_title":"Cas clients - POGGI Avocats IT","_seopress_titles_desc":"D\u00e9couvrez un ensemble de solutions concr\u00e8tes apport\u00e9es \u00e0 nos clients ! Propri\u00e9t\u00e9 intellectuelle, donn\u00e9es et technologies de l&#039;information, cybers\u00e9curit\u00e9...","_seopress_robots_index":"","footnotes":""},"class_list":["post-15","page","type-page","status-publish","has-post-thumbnail"],"brizy_media":[{"id":4472,"url":"https:\/\/www.poggi-avocats.com\/wp-content\/uploads\/2023\/05\/Logo_Poggi-Avocats-IT.png","name":"Logo_Poggi-Avocats-IT.png","meta":{"brizy_attachment_uid":"wp-091254274b14e598fde0e052652ea923.png","brizy_post_uid":["a7af7858d75220bfa29389ce1d68d80d"]}},{"id":4470,"url":"https:\/\/www.poggi-avocats.com\/wp-content\/uploads\/2023\/05\/cropped-fav.jpg","name":"cropped-fav.jpg","meta":{"brizy_attachment_uid":"wp-d2aa16a3936d9918e75e88d9d83440c7.jpg","brizy_post_uid":["a7af7858d75220bfa29389ce1d68d80d"]}},{"id":4476,"url":"https:\/\/www.poggi-avocats.com\/wp-content\/uploads\/2023\/05\/Logo_Poggi-Avocats-IT_blanc.png","name":"Logo_Poggi-Avocats-IT_blanc.png","meta":{"brizy_attachment_uid":"wp-c852fb76b2293201de07cf4a3d51531f.png","brizy_post_uid":["a7af7858d75220bfa29389ce1d68d80d"]}},{"id":6515,"url":"https:\/\/www.poggi-avocats.com\/wp-content\/uploads\/2023\/05\/Logo_Poggi-Avocats-IT-1.png","name":"Logo_Poggi-Avocats-IT-1.png","meta":{"brizy_attachment_uid":"wp-85f09c444dae8b2560905dee32b028a5.png","brizy_post_uid":["a7af7858d75220bfa29389ce1d68d80d"]}},{"id":7262,"url":"https:\/\/www.poggi-avocats.com\/wp-content\/uploads\/2023\/05\/poggi-avocats-it_homepage-1.webp","name":"poggi-avocats-it_homepage-1.webp","meta":{"brizy_attachment_uid":"wp-894cb4ce96a82fac9c421c8300c25be8.webp","brizy_post_uid":["a7af7858d75220bfa29389ce1d68d80d"]}},{"id":7256,"url":"https:\/\/www.poggi-avocats.com\/wp-content\/uploads\/2023\/05\/poggi-avocats-it_contrats.webp","name":"poggi-avocats-it_contrats.webp","meta":{"brizy_attachment_uid":"wp-f8b7b28c0d2399641ae277139a43386e.webp","brizy_post_uid":["a7af7858d75220bfa29389ce1d68d80d"]}},{"id":7259,"url":"https:\/\/www.poggi-avocats.com\/wp-content\/uploads\/2023\/05\/poggi-avocats-it_donnees-technologie-information-1.webp","name":"poggi-avocats-it_donnees-technologie-information-1.webp","meta":{"brizy_attachment_uid":"wp-d163547c1e5979c43cc239b68812f847.webp","brizy_post_uid":["a7af7858d75220bfa29389ce1d68d80d"]}},{"id":7261,"url":"https:\/\/www.poggi-avocats.com\/wp-content\/uploads\/2023\/05\/poggi-avocats-it_donnees-technologie-information-3.webp","name":"poggi-avocats-it_donnees-technologie-information-3.webp","meta":{"brizy_attachment_uid":"wp-695064c0bea4353929e270c535f2effb.webp","brizy_post_uid":["a7af7858d75220bfa29389ce1d68d80d"]}},{"id":7260,"url":"https:\/\/www.poggi-avocats.com\/wp-content\/uploads\/2023\/05\/poggi-avocats-it_donnees-technologie-information-2.webp","name":"poggi-avocats-it_donnees-technologie-information-2.webp","meta":{"brizy_attachment_uid":"wp-4f1d4575faeb13e6b8d6bdf20eaa11f9.webp","brizy_post_uid":["a7af7858d75220bfa29389ce1d68d80d","7798d195250bf0854907d9e9ee57cdf9"]}},{"id":7265,"url":"https:\/\/www.poggi-avocats.com\/wp-content\/uploads\/2023\/05\/poggi-avocats-it_propriete-intellectuelle-1.webp","name":"poggi-avocats-it_propriete-intellectuelle-1.webp","meta":{"brizy_attachment_uid":"wp-9feb1ff26e35f47e5ac45e7fd71401d3.webp","brizy_post_uid":["a7af7858d75220bfa29389ce1d68d80d"]}},{"id":7255,"url":"https:\/\/www.poggi-avocats.com\/wp-content\/uploads\/2023\/05\/poggi-avocats-it_contentieux_tribunal_paris_Fred-Romero.webp","name":"poggi-avocats-it_contentieux_tribunal_paris_Fred-Romero.webp","meta":{"brizy_attachment_uid":"wp-e76854b3a9db16e73ff57439a6c56a1f.webp","brizy_post_uid":["a7af7858d75220bfa29389ce1d68d80d"]}},{"id":7257,"url":"https:\/\/www.poggi-avocats.com\/wp-content\/uploads\/2023\/05\/poggi-avocats-it_cybersecurite-1.webp","name":"poggi-avocats-it_cybersecurite-1.webp","meta":{"brizy_attachment_uid":"wp-93e8a622cff52d32342a37c781ed538e.webp","brizy_post_uid":["a7af7858d75220bfa29389ce1d68d80d"]}},{"id":7264,"url":"https:\/\/www.poggi-avocats.com\/wp-content\/uploads\/2023\/05\/poggi-avocats-it_homepage-3.webp","name":"poggi-avocats-it_homepage-3.webp","meta":{"brizy_attachment_uid":"wp-abb6033158a985e86ca97f561b5f438b.webp","brizy_post_uid":["a7af7858d75220bfa29389ce1d68d80d","d1ffbe2f4b8b7ef80aed66f32abe591e"]}},{"id":7263,"url":"https:\/\/www.poggi-avocats.com\/wp-content\/uploads\/2023\/05\/poggi-avocats-it_homepage-2.webp","name":"poggi-avocats-it_homepage-2.webp","meta":{"brizy_attachment_uid":"wp-86cf0f2acd1381305e8bbebff2ea2488.webp","brizy_post_uid":["a7af7858d75220bfa29389ce1d68d80d"]}},{"id":7517,"url":"https:\/\/www.poggi-avocats.com\/wp-content\/uploads\/2023\/05\/Formation-Poggi-Avocat-IT.jpg","name":"Formation-Poggi-Avocat-IT.jpg","meta":{"brizy_attachment_uid":"wp-5260760e062a8082dfae625fc9092563.jpg","brizy_post_uid":["a7af7858d75220bfa29389ce1d68d80d"]}},{"id":7518,"url":"https:\/\/www.poggi-avocats.com\/wp-content\/uploads\/2023\/05\/duotone.png","name":"duotone.png","meta":{"brizy_attachment_uid":"wp-afbc3ddd145a192aba6497f58fbd05f7.png","brizy_post_uid":["a7af7858d75220bfa29389ce1d68d80d"]}},{"id":7519,"url":"https:\/\/www.poggi-avocats.com\/wp-content\/uploads\/2023\/05\/Formation-Poggi-Avocat-IT-2.jpg","name":"Formation-Poggi-Avocat-IT-2.jpg","meta":{"brizy_attachment_uid":"wp-4107fcd623a1b12868cfdca2b6293187.jpg","brizy_post_uid":["a7af7858d75220bfa29389ce1d68d80d"]}},{"id":8406,"url":"https:\/\/www.poggi-avocats.com\/wp-content\/uploads\/2023\/05\/Anne-Sophie-Poggi.jpg","name":"Anne-Sophie-Poggi.jpg","meta":{"brizy_attachment_uid":"wp-4714eebc1ea1b10dc1bcfe9a06a93d9f.jpg","brizy_post_uid":["a7af7858d75220bfa29389ce1d68d80d"]}},{"id":8407,"url":"https:\/\/www.poggi-avocats.com\/wp-content\/uploads\/2023\/05\/Nicolas-Taverna.jpg","name":"Nicolas-Taverna.jpg","meta":{"brizy_attachment_uid":"wp-6f6658e552476e8149dbee5ace9d7dc8.jpg","brizy_post_uid":["a7af7858d75220bfa29389ce1d68d80d"]}},{"id":10028,"url":"https:\/\/www.poggi-avocats.com\/wp-content\/uploads\/2023\/05\/poggi-avocats-it-contrats-picto-home.png","name":"poggi-avocats-it-contrats-picto-home.png","meta":{"brizy_attachment_uid":"wp-4189489ad80679d7125a28884f7c0de4.png","brizy_post_uid":["a7af7858d75220bfa29389ce1d68d80d","024b8cb6a737294f3f694f8f6f3566bb"]}},{"id":10031,"url":"https:\/\/www.poggi-avocats.com\/wp-content\/uploads\/2023\/05\/poggi-avocats-it-donnees-picto-home.png","name":"poggi-avocats-it-donnees-picto-home.png","meta":{"brizy_attachment_uid":"wp-4a25933430712d8e5f2dae5bf909c556.png","brizy_post_uid":["a7af7858d75220bfa29389ce1d68d80d"]}},{"id":10029,"url":"https:\/\/www.poggi-avocats.com\/wp-content\/uploads\/2023\/05\/poggi-avocats-it-copyright-picto-home.png","name":"poggi-avocats-it-copyright-picto-home.png","meta":{"brizy_attachment_uid":"wp-5abde3600f90d0f90dd4f165b26542b2.png","brizy_post_uid":["a7af7858d75220bfa29389ce1d68d80d"]}},{"id":10032,"url":"https:\/\/www.poggi-avocats.com\/wp-content\/uploads\/2023\/05\/poggi-avocats-it-expertises-picto-home.png","name":"poggi-avocats-it-expertises-picto-home.png","meta":{"brizy_attachment_uid":"wp-552d5bd4365ad48e19f9899b612d7c60.png","brizy_post_uid":["a7af7858d75220bfa29389ce1d68d80d"]}},{"id":10027,"url":"https:\/\/www.poggi-avocats.com\/wp-content\/uploads\/2023\/05\/poggi-avocats-it-contentieux-picto-home.png","name":"poggi-avocats-it-contentieux-picto-home.png","meta":{"brizy_attachment_uid":"wp-6664459d3bbc2f47e92e64432ec418d2.png","brizy_post_uid":["a7af7858d75220bfa29389ce1d68d80d"]}},{"id":10030,"url":"https:\/\/www.poggi-avocats.com\/wp-content\/uploads\/2023\/05\/poggi-avocats-it-cybersecurite-picto-home.png","name":"poggi-avocats-it-cybersecurite-picto-home.png","meta":{"brizy_attachment_uid":"wp-8b85cc6b555068223d96d82fa7d5b4e6.png","brizy_post_uid":["a7af7858d75220bfa29389ce1d68d80d"]}},{"id":10033,"url":"https:\/\/www.poggi-avocats.com\/wp-content\/uploads\/2023\/05\/poggi-avocats-it-formation-picto-home.png","name":"poggi-avocats-it-formation-picto-home.png","meta":{"brizy_attachment_uid":"wp-b7193b75f4b3285730e437fb9f0b0e18.png","brizy_post_uid":["a7af7858d75220bfa29389ce1d68d80d"]}},{"id":10185,"url":"https:\/\/www.poggi-avocats.com\/wp-content\/uploads\/2023\/05\/poggi-avocats-it-contrats-picto.png","name":"poggi-avocats-it-contrats-picto.png","meta":{"brizy_attachment_uid":"wp-8599dbd6e1625d198a3db9c99a9d9728.png","brizy_post_uid":["a7af7858d75220bfa29389ce1d68d80d"]}},{"id":10212,"url":"https:\/\/www.poggi-avocats.com\/wp-content\/uploads\/2023\/05\/poggi-avocats-it_contrats-1.webp","name":"poggi-avocats-it_contrats-1.webp","meta":{"brizy_attachment_uid":"wp-d62792e857591fe47dadad3fc474bebb.webp","brizy_post_uid":["a7af7858d75220bfa29389ce1d68d80d","024b8cb6a737294f3f694f8f6f3566bb"]}},{"id":10215,"url":"https:\/\/www.poggi-avocats.com\/wp-content\/uploads\/2023\/05\/poggi-avocats-it_donnees.webp","name":"poggi-avocats-it_donnees.webp","meta":{"brizy_attachment_uid":"wp-1797e53b151b623f83ebe7e75d2851d4.webp","brizy_post_uid":["a7af7858d75220bfa29389ce1d68d80d"]}},{"id":10213,"url":"https:\/\/www.poggi-avocats.com\/wp-content\/uploads\/2023\/05\/poggi-avocats-it_copyright.webp","name":"poggi-avocats-it_copyright.webp","meta":{"brizy_attachment_uid":"wp-1700e9938f9403cf5bc1a47c8785edb1.webp","brizy_post_uid":["a7af7858d75220bfa29389ce1d68d80d"]}},{"id":10211,"url":"https:\/\/www.poggi-avocats.com\/wp-content\/uploads\/2023\/05\/poggi-avocats-it_contentieux.webp","name":"poggi-avocats-it_contentieux.webp","meta":{"brizy_attachment_uid":"wp-e0ec527c9d31cc64794ff9bb6d352bce.webp","brizy_post_uid":["a7af7858d75220bfa29389ce1d68d80d"]}},{"id":10214,"url":"https:\/\/www.poggi-avocats.com\/wp-content\/uploads\/2023\/05\/poggi-avocats-it_cybersecurite.webp","name":"poggi-avocats-it_cybersecurite.webp","meta":{"brizy_attachment_uid":"wp-d87da8b2d845e8dee94b197a75ffdabe.webp","brizy_post_uid":["a7af7858d75220bfa29389ce1d68d80d"]}},{"id":10216,"url":"https:\/\/www.poggi-avocats.com\/wp-content\/uploads\/2023\/05\/poggi-avocats-it_formation.webp","name":"poggi-avocats-it_formation.webp","meta":{"brizy_attachment_uid":"wp-4d264470362bee6cf08a6e1eb906f1a7.webp","brizy_post_uid":["a7af7858d75220bfa29389ce1d68d80d"]}},{"id":10246,"url":"https:\/\/www.poggi-avocats.com\/wp-content\/uploads\/2023\/05\/poggi-avocats-it_home_t.webp","name":"poggi-avocats-it_home_t.webp","meta":{"brizy_attachment_uid":"wp-bb80c47db091ad5f72b5aa631964d747.webp","brizy_post_uid":["a7af7858d75220bfa29389ce1d68d80d"]}},{"id":10237,"url":"https:\/\/www.poggi-avocats.com\/wp-content\/uploads\/2023\/05\/poggi-avocats-it_cas-usage-t.webp","name":"poggi-avocats-it_cas-usage-t.webp","meta":{"brizy_attachment_uid":"wp-95923a4afd547aa49148bed3588c8ecd.webp","brizy_post_uid":["a7af7858d75220bfa29389ce1d68d80d"]}},{"id":10240,"url":"https:\/\/www.poggi-avocats.com\/wp-content\/uploads\/2023\/05\/poggi-avocats-it_contrats_t.webp","name":"poggi-avocats-it_contrats_t.webp","meta":{"brizy_attachment_uid":"wp-5b4e54a2ef67d385dfa272feadba715b.webp","brizy_post_uid":["a7af7858d75220bfa29389ce1d68d80d"]}},{"id":10243,"url":"https:\/\/www.poggi-avocats.com\/wp-content\/uploads\/2023\/05\/poggi-avocats-it_divers_t.webp","name":"poggi-avocats-it_divers_t.webp","meta":{"brizy_attachment_uid":"wp-f22b134cfd92a8384ec0b307d433e734.webp","brizy_post_uid":["a7af7858d75220bfa29389ce1d68d80d"]}},{"id":10238,"url":"https:\/\/www.poggi-avocats.com\/wp-content\/uploads\/2023\/05\/poggi-avocats-it_contact_t.webp","name":"poggi-avocats-it_contact_t.webp","meta":{"brizy_attachment_uid":"wp-d506047578bfe15d9e0c49cb43745b55.webp","brizy_post_uid":["a7af7858d75220bfa29389ce1d68d80d"]}},{"id":10244,"url":"https:\/\/www.poggi-avocats.com\/wp-content\/uploads\/2023\/05\/poggi-avocats-it_donnees_t.webp","name":"poggi-avocats-it_donnees_t.webp","meta":{"brizy_attachment_uid":"wp-9242cb34dd5b648e3e2d6a8b722172e2.webp","brizy_post_uid":["7798d195250bf0854907d9e9ee57cdf9","a7af7858d75220bfa29389ce1d68d80d"]}},{"id":10188,"url":"https:\/\/www.poggi-avocats.com\/wp-content\/uploads\/2023\/05\/poggi-avocats-it-donnes-picto.png","name":"poggi-avocats-it-donnes-picto.png","meta":{"brizy_attachment_uid":"wp-fc5688e5ee1a3808f14c1008c8515135.png","brizy_post_uid":["a7af7858d75220bfa29389ce1d68d80d"]}},{"id":10186,"url":"https:\/\/www.poggi-avocats.com\/wp-content\/uploads\/2023\/05\/poggi-avocats-it-copyright-picto.png","name":"poggi-avocats-it-copyright-picto.png","meta":{"brizy_attachment_uid":"wp-c7f1597fed0855f743ff0443a5ac9a35.png","brizy_post_uid":["a7af7858d75220bfa29389ce1d68d80d"]}},{"id":10241,"url":"https:\/\/www.poggi-avocats.com\/wp-content\/uploads\/2023\/05\/poggi-avocats-it_copyright-t.webp","name":"poggi-avocats-it_copyright-t.webp","meta":{"brizy_attachment_uid":"wp-e7aeb3c148aaee5b91ecf2022474a19a.webp","brizy_post_uid":["a7af7858d75220bfa29389ce1d68d80d"]}},{"id":10184,"url":"https:\/\/www.poggi-avocats.com\/wp-content\/uploads\/2023\/05\/poggi-avocats-it-contentieux-picto.png","name":"poggi-avocats-it-contentieux-picto.png","meta":{"brizy_attachment_uid":"wp-37534a8df3b54262be06170f33dbd667.png","brizy_post_uid":["a7af7858d75220bfa29389ce1d68d80d"]}},{"id":10187,"url":"https:\/\/www.poggi-avocats.com\/wp-content\/uploads\/2023\/05\/poggi-avocats-it-cybersecurite-picto.png","name":"poggi-avocats-it-cybersecurite-picto.png","meta":{"brizy_attachment_uid":"wp-a291a3381ca222f080cd70052bd3e5ba.png","brizy_post_uid":["a7af7858d75220bfa29389ce1d68d80d"]}},{"id":10239,"url":"https:\/\/www.poggi-avocats.com\/wp-content\/uploads\/2023\/05\/poggi-avocats-it_contentieux_t.webp","name":"poggi-avocats-it_contentieux_t.webp","meta":{"brizy_attachment_uid":"wp-c66991cdc6d274b6e85130fdc7968612.webp","brizy_post_uid":["a7af7858d75220bfa29389ce1d68d80d"]}},{"id":12804,"url":"https:\/\/www.poggi-avocats.com\/wp-content\/uploads\/2023\/06\/temperaa-avocats.jpg","name":"temperaa-avocats.jpg","meta":{"brizy_attachment_uid":"wp-a33c086302db5d4e85503939d2653715.jpg","brizy_post_uid":["a7af7858d75220bfa29389ce1d68d80d"]}},{"id":12912,"url":"https:\/\/www.poggi-avocats.com\/wp-content\/uploads\/2023\/06\/1567417682186.png","name":"1567417682186.png","meta":{"brizy_attachment_uid":"wp-9c459eff2c768f4f5c8a2a331cc5fa08.png","brizy_post_uid":["a7af7858d75220bfa29389ce1d68d80d"]}},{"id":12946,"url":"https:\/\/www.poggi-avocats.com\/wp-content\/uploads\/2023\/06\/header-logo.png","name":"header-logo.png","meta":{"brizy_attachment_uid":"wp-394ea4c50c0cb646b279e88d3f36632d.png","brizy_post_uid":["a7af7858d75220bfa29389ce1d68d80d"]}},{"id":12983,"url":"https:\/\/www.poggi-avocats.com\/wp-content\/uploads\/2023\/06\/header-logo-1.png","name":"header-logo-1.png","meta":{"brizy_attachment_uid":"wp-82c0d4986e21ccf74e94027c9f680449.png","brizy_post_uid":["a7af7858d75220bfa29389ce1d68d80d"]}},{"id":13020,"url":"https:\/\/www.poggi-avocats.com\/wp-content\/uploads\/2023\/06\/brapi.png","name":"brapi.png","meta":{"brizy_attachment_uid":"wp-16fb6e8ceab4ca41b30e0a6119e403f3.png","brizy_post_uid":["a7af7858d75220bfa29389ce1d68d80d"]}},{"id":13066,"url":"https:\/\/www.poggi-avocats.com\/wp-content\/uploads\/2023\/06\/1567417682186-1.png","name":"1567417682186-1.png","meta":{"brizy_attachment_uid":"wp-1994c605e4a2d84656645b1fb4054d40.png","brizy_post_uid":["a7af7858d75220bfa29389ce1d68d80d"]}},{"id":15022,"url":"https:\/\/www.poggi-avocats.com\/wp-content\/uploads\/2023\/07\/exclusif.-voici-le-projet-final-pour-les-abords-de-la-tour-eiffel.jpg","name":"exclusif.-voici-le-projet-final-pour-les-abords-de-la-tour-eiffel.jpg","meta":{"brizy_attachment_uid":"wp-cc9119d3cbd729c37bc10821c5c6ebdf.jpg","brizy_post_uid":["a7af7858d75220bfa29389ce1d68d80d"]}}],"_links":{"self":[{"href":"https:\/\/www.poggi-avocats.com\/en\/wp-json\/wp\/v2\/pages\/15","targetHints":{"allow":["GET"]}}],"collection":[{"href":"https:\/\/www.poggi-avocats.com\/en\/wp-json\/wp\/v2\/pages"}],"about":[{"href":"https:\/\/www.poggi-avocats.com\/en\/wp-json\/wp\/v2\/types\/page"}],"author":[{"embeddable":true,"href":"https:\/\/www.poggi-avocats.com\/en\/wp-json\/wp\/v2\/users\/1"}],"replies":[{"embeddable":true,"href":"https:\/\/www.poggi-avocats.com\/en\/wp-json\/wp\/v2\/comments?post=15"}],"version-history":[{"count":0,"href":"https:\/\/www.poggi-avocats.com\/en\/wp-json\/wp\/v2\/pages\/15\/revisions"}],"wp:featuredmedia":[{"embeddable":true,"href":"https:\/\/www.poggi-avocats.com\/en\/wp-json\/wp\/v2\/media\/10237"}],"wp:attachment":[{"href":"https:\/\/www.poggi-avocats.com\/en\/wp-json\/wp\/v2\/media?parent=15"}],"curies":[{"name":"wp","href":"https:\/\/api.w.org\/{rel}","templated":true}]}}